{"id":431076,"date":"2024-10-25T18:47:21","date_gmt":"2024-10-25T18:47:21","guid":{"rendered":"https:\/\/campbells55.wpengine.com\/cook-with-campbells-fr\/?page_id=431076"},"modified":"2024-11-13T13:31:21","modified_gmt":"2024-11-13T13:31:21","slug":"soupe-plus","status":"publish","type":"page","link":"https:\/\/www.cookwithcampbells.ca\/fr\/soupe-plus\/","title":{"rendered":"Soupe plus combinaisons"},"content":{"rendered":"<div class=\"is-layout-constrained wp-block-group explore-combinations-wrapper\">\n<div class=\"wp-block-group__inner-container\">\n<div class=\"is-vertical is-layout-flex wp-container-1 wp-block-group explore-combinations container\">\n<h2 class=\"has-text-align-center wp-block-heading\">D\u00e9couvrez des id\u00e9es de recettes<br \/><em>\u00e0 base de soupe<\/em><\/h2>\n<p class=\"has-text-align-center\">Avec Campbell\u2019s, il vous suffit d\u2019ajouter quelques<br \/>ingr\u00e9dients \u00e0 nos d\u00e9licieuses soupes pour<br \/>r\u00e9tablir votre \u00e9quilibre cuisiner-savourer.<\/p>\n<\/div>\n<\/div>\n<\/div>\n<div class=\"is-layout-constrained wp-block-group restore-your-balance\">\n<div class=\"wp-block-group__inner-container\">\n<div class=\"is-layout-flex wp-container-6 wp-block-columns container\">\n<div class=\"is-layout-flow wp-block-column\">\n<div class=\"is-layout-constrained wp-block-group soup-plus-video\">\n<div class=\"wp-block-group__inner-container\"><div style=\"width: 1280px;\" class=\"wp-video\"><!--[if lt IE 9]><script>document.createElement('video');<\/script><![endif]-->\n<video class=\"wp-video-shortcode\" id=\"video-431076-1\" width=\"1280\" height=\"360\" poster=\"https:\/\/campbells55.wpengine.com\/cook-with-campbells-ca\/wp-content\/uploads\/sites\/24\/2024\/10\/Campbell-Soup-Cook-Eat-Balance-FR.jpg\" preload=\"auto\" controls=\"controls\"><source type=\"video\/mp4\" src=\"https:\/\/campbells55.wpengine.com\/cook-with-campbells-ca\/wp-content\/uploads\/sites\/24\/2024\/10\/Campbells-Soup-Plus-Chicken-Noodle-Chopping-FR.mp4?_=1\" \/><a href=\"https:\/\/campbells55.wpengine.com\/cook-with-campbells-ca\/wp-content\/uploads\/sites\/24\/2024\/10\/Campbells-Soup-Plus-Chicken-Noodle-Chopping-FR.mp4\">https:\/\/campbells55.wpengine.com\/cook-with-campbells-ca\/wp-content\/uploads\/sites\/24\/2024\/10\/Campbells-Soup-Plus-Chicken-Noodle-Chopping-FR.mp4<\/a><\/video><\/div>\n<\/div>\n<\/div>\n<\/div>\n<div class=\"is-layout-flow wp-block-column\">\n<p><strong>R\u00e9tablissez votre \u00e9quilibre cuisiner-savourer<\/strong><\/p>\n<p>Avez-vous d\u00e9j\u00e0 remarqu\u00e9 que vous passez plus de temps \u00e0 cuisiner qu\u2019\u00e0 manger?<\/p>\n<p class=\"button\"><a href=\"https:\/\/www.cookwithcampbells.ca\/fr\/equilibre-cuisiner-savourer\/\">Savoir plus<\/a><\/p>\n<\/div>\n<\/div>\n<\/div>\n<\/div>\n<div class=\"is-layout-constrained wp-block-group soup-plus-grid-container\">\n<div class=\"wp-block-group__inner-container\">\n<div class=\"is-layout-constrained wp-block-group container\">\n<div class=\"wp-block-group__inner-container\"><div class=\"row\"><div class=\"thumbnail-container soup-plus col-md-4 aos-fade-up\">\n            <a  href=\"https:\/\/www.cookwithcampbells.ca\/fr\/soup-plus\/soupe-ramen-inspiree\/\">\n                <span class=\"slideImage\" style=\"background-image: url(https:\/\/www.cookwithcampbells.ca\/fr\/wp-content\/uploads\/sites\/25\/2025\/08\/1274-Wannabe-Ramen-1.jpg);\"><\/span>\n            \n                <span class=\"title\">Soupe ramen inspir\u00e9e <\/span>\n            <\/a>\n        <\/div><div class=\"thumbnail-container soup-plus col-md-4 aos-fade-up\">\n            <a  href=\"https:\/\/www.cookwithcampbells.ca\/fr\/soup-plus\/soupe-style-poulet-au-beurre\/\">\n                <span class=\"slideImage\" style=\"background-image: url(https:\/\/www.cookwithcampbells.ca\/fr\/wp-content\/uploads\/sites\/25\/2025\/08\/1275-Butter-Chicken-Style-Soup-1.jpg);\"><\/span>\n            \n                <span class=\"title\">Soupe style poulet au beurre <\/span>\n            <\/a>\n        <\/div><div class=\"thumbnail-container soup-plus col-md-4 aos-fade-up\">\n            <a  href=\"https:\/\/www.cookwithcampbells.ca\/fr\/soup-plus\/soupe-au-pate-au-poulet\/\">\n                <span class=\"slideImage\" style=\"background-image: url(https:\/\/www.cookwithcampbells.ca\/fr\/wp-content\/uploads\/sites\/25\/2024\/10\/1263-Chicken-Pot-Pie-Soup-Recipe.jpg);\"><\/span>\n            \n                <span class=\"title\">Soupe au p\u00e2t\u00e9 au poulet <\/span>\n            <\/a>\n        <\/div><div class=\"thumbnail-container soup-plus col-md-4 aos-fade-up\">\n            <a  href=\"https:\/\/www.cookwithcampbells.ca\/fr\/soup-plus\/soupe-wonton-epicee\/\">\n                <span class=\"slideImage\" style=\"background-image: url(https:\/\/www.cookwithcampbells.ca\/fr\/wp-content\/uploads\/sites\/25\/2024\/10\/1258-Spicy-Wonton-Soup-Recipe.jpg);\"><\/span>\n            \n                <span class=\"title\">Soupe wonton \u00e9pic\u00e9e <\/span>\n            <\/a>\n        <\/div><div class=\"thumbnail-container soup-plus col-md-4 aos-fade-up\">\n            <a  href=\"https:\/\/www.cookwithcampbells.ca\/fr\/soup-plus\/soupe-fiesta-aux-tomates\/\">\n                <span class=\"slideImage\" style=\"background-image: url(https:\/\/www.cookwithcampbells.ca\/fr\/wp-content\/uploads\/sites\/25\/2024\/10\/1250-Tomato-Fiesta-Soup-with-Chicken.jpg);\"><\/span>\n            \n                <span class=\"title\">Soupe fiesta aux tomates <\/span>\n            <\/a>\n        <\/div><div class=\"thumbnail-container soup-plus col-md-4 aos-fade-up\">\n            <a  href=\"https:\/\/www.cookwithcampbells.ca\/fr\/soup-plus\/soupe-cari-de-poulet-a-la-thai\/\">\n                <span class=\"slideImage\" style=\"background-image: url(https:\/\/www.cookwithcampbells.ca\/fr\/wp-content\/uploads\/sites\/25\/2025\/08\/1276-Thai-Chicken-Curry-1.jpg);\"><\/span>\n            \n                <span class=\"title\">Soupe cari de poulet \u00e0 la tha\u00ef <\/span>\n            <\/a>\n        <\/div><div class=\"thumbnail-container soup-plus col-md-4 aos-fade-up\">\n            <a  href=\"https:\/\/www.cookwithcampbells.ca\/fr\/soup-plus\/ragout-de-saucisses-epicees\/\">\n                <span class=\"slideImage\" style=\"background-image: url(https:\/\/www.cookwithcampbells.ca\/fr\/wp-content\/uploads\/sites\/25\/2025\/08\/1277-Sausage-Stew.jpg);\"><\/span>\n            \n                <span class=\"title\">Rago\u00fbt de saucisses \u00e9pic\u00e9es <\/span>\n            <\/a>\n        <\/div><div class=\"thumbnail-container soup-plus col-md-4 aos-fade-up\">\n            <a  href=\"https:\/\/www.cookwithcampbells.ca\/fr\/soup-plus\/soupe-de-pommes-de-terre-au-four-et-fromage\/\">\n                <span class=\"slideImage\" style=\"background-image: url(https:\/\/www.cookwithcampbells.ca\/fr\/wp-content\/uploads\/sites\/25\/2024\/10\/1264-Cheesy-Baked-Potato-Soup.jpg);\"><\/span>\n            \n                <span class=\"title\">Soupe de pommes de terre au four et fromage <\/span>\n            <\/a>\n        <\/div><div class=\"thumbnail-container soup-plus col-md-4 aos-fade-up\">\n            <a  href=\"https:\/\/www.cookwithcampbells.ca\/fr\/soup-plus\/soupe-poulet-et-nouilles-aux-epinards-et-aux-haricots-blancs\/\">\n                <span class=\"slideImage\" style=\"background-image: url(https:\/\/www.cookwithcampbells.ca\/fr\/wp-content\/uploads\/sites\/25\/2024\/10\/1256-Chicken-Noodle-Soup-with-Spinach-and-White-Beans.jpg);\"><\/span>\n            \n                <span class=\"title\">Soupe poulet et nouilles aux \u00e9pinards et aux haricots blancs <\/span>\n            <\/a>\n        <\/div><div class=\"thumbnail-container soup-plus col-md-4 aos-fade-up\">\n            <a  href=\"https:\/\/www.cookwithcampbells.ca\/fr\/soup-plus\/soupe-bruschetta-aux-tomates\/\">\n                <span class=\"slideImage\" style=\"background-image: url(https:\/\/www.cookwithcampbells.ca\/fr\/wp-content\/uploads\/sites\/25\/2024\/10\/Ingredients-Tomato-Bruschetta-Soup-Recipe-New.jpg);\"><\/span>\n            \n                <span class=\"title\">Soupe bruschetta aux tomates <\/span>\n            <\/a>\n        <\/div><div class=\"thumbnail-container soup-plus col-md-4 aos-fade-up\">\n            <a  href=\"https:\/\/www.cookwithcampbells.ca\/fr\/soup-plus\/creme-de-champignons-au-poulet-et-aux-asperges\/\">\n                <span class=\"slideImage\" style=\"background-image: url(https:\/\/www.cookwithcampbells.ca\/fr\/wp-content\/uploads\/sites\/25\/2024\/10\/1262-Cream-of-Mushroom-with-Chicken-and-Asparagus-Recipe.jpg);\"><\/span>\n            \n                <span class=\"title\">Cr\u00e8me de champignons au poulet et aux asperges <\/span>\n            <\/a>\n        <\/div><div class=\"thumbnail-container soup-plus col-md-4 aos-fade-up\">\n            <a  href=\"https:\/\/www.cookwithcampbells.ca\/fr\/soup-plus\/soupe-poulet-et-nouilles-et-saute-aux-legumes\/\">\n                <span class=\"slideImage\" style=\"background-image: url(https:\/\/www.cookwithcampbells.ca\/fr\/wp-content\/uploads\/sites\/25\/2024\/10\/1255-Veggie-Stirfry-Chicken-Noodle-Soup-1.jpg);\"><\/span>\n            \n                <span class=\"title\">Soupe poulet et nouilles et saut\u00e9 aux l\u00e9gumes <\/span>\n            <\/a>\n        <\/div><div class=\"thumbnail-container soup-plus col-md-4 aos-fade-up\">\n            <a  href=\"https:\/\/www.cookwithcampbells.ca\/fr\/soup-plus\/soupe-au-pesto-de-tomates-et-aux-haricots-blancs\/\">\n                <span class=\"slideImage\" style=\"background-image: url(https:\/\/www.cookwithcampbells.ca\/fr\/wp-content\/uploads\/sites\/25\/2024\/10\/1252-Tomato-Pesto-Soup-with-White-Beans.jpg);\"><\/span>\n            \n                <span class=\"title\">Soupe au pesto de tomates et aux haricots blancs <\/span>\n            <\/a>\n        <\/div><div class=\"thumbnail-container soup-plus col-md-4 aos-fade-up\">\n            <a  href=\"https:\/\/www.cookwithcampbells.ca\/fr\/soup-plus\/soupe-cremeuse-au-macaroni-et-aux-champignons\/\">\n                <span class=\"slideImage\" style=\"background-image: url(https:\/\/www.cookwithcampbells.ca\/fr\/wp-content\/uploads\/sites\/25\/2024\/10\/1260-Creamy-Mushroom-Macaroni-Soup.jpg);\"><\/span>\n            \n                <span class=\"title\">Soupe cr\u00e9meuse au macaroni et aux champignons <\/span>\n            <\/a>\n        <\/div><div class=\"thumbnail-container soup-plus col-md-4 aos-fade-up\">\n            <a  href=\"https:\/\/www.cookwithcampbells.ca\/fr\/soup-plus\/soupe-noces-a-litalienne-aux-super-legumes-verts\/\">\n                <span class=\"slideImage\" style=\"background-image: url(https:\/\/www.cookwithcampbells.ca\/fr\/wp-content\/uploads\/sites\/25\/2024\/10\/1259-Super-Greens-Italian-Wedding-Soup.jpg);\"><\/span>\n            \n                <span class=\"title\">Soupe noces \u00e0 l\u2019italienne aux super l\u00e9gumes verts <\/span>\n            <\/a>\n        <\/div><div class=\"thumbnail-container soup-plus col-md-4 aos-fade-up\">\n            <a  href=\"https:\/\/www.cookwithcampbells.ca\/fr\/soup-plus\/soupe-poulet-et-riz-a-la-noix-de-coco-et-au-poivron-rouge\/\">\n                <span class=\"slideImage\" style=\"background-image: url(https:\/\/www.cookwithcampbells.ca\/fr\/wp-content\/uploads\/sites\/25\/2024\/10\/1257-Coconut-and-Red-Pepper-Chicken-Rice-Soup.jpg);\"><\/span>\n            \n                <span class=\"title\">Soupe poulet et riz \u00e0 la noix de coco et au poivron rouge <\/span>\n            <\/a>\n        <\/div><div class=\"thumbnail-container soup-plus col-md-4 aos-fade-up\">\n            <a  href=\"https:\/\/www.cookwithcampbells.ca\/fr\/soup-plus\/soupe-poulet-et-nouilles-a-lasiatique-avec-legumes-verts\/\">\n                <span class=\"slideImage\" style=\"background-image: url(https:\/\/www.cookwithcampbells.ca\/fr\/wp-content\/uploads\/sites\/25\/2024\/10\/1253-Asian-Style-Chicken-Noodle-Soup-with-Greens.jpg);\"><\/span>\n            \n                <span class=\"title\">Soupe poulet et nouilles \u00e0 l\u2019asiatique avec l\u00e9gumes verts <\/span>\n            <\/a>\n        <\/div><div class=\"thumbnail-container soup-plus col-md-4 aos-fade-up\">\n            <a  href=\"https:\/\/www.cookwithcampbells.ca\/fr\/soup-plus\/soupe-poulet-et-nouilles-a-litalienne\/\">\n                <span class=\"slideImage\" style=\"background-image: url(https:\/\/www.cookwithcampbells.ca\/fr\/wp-content\/uploads\/sites\/25\/2024\/10\/1254-Italian-Style-Chicken-Noodle-Soup.jpg);\"><\/span>\n            \n                <span class=\"title\">Soupe poulet et nouilles \u00e0 l\u2019italienne <\/span>\n            <\/a>\n        <\/div><div class=\"thumbnail-container soup-plus col-md-4 aos-fade-up\">\n            <a  href=\"https:\/\/www.cookwithcampbells.ca\/fr\/soup-plus\/soupe-copieuse-aux-asperges-et-aux-champignons\/\">\n                <span class=\"slideImage\" style=\"background-image: url(https:\/\/www.cookwithcampbells.ca\/fr\/wp-content\/uploads\/sites\/25\/2024\/10\/1261-Hearty-Asparagus-and-Mushroom-Soup.jpg);\"><\/span>\n            \n                <span class=\"title\">Soupe copieuse aux asperges et aux champignons <\/span>\n            <\/a>\n        <\/div><div class=\"thumbnail-container soup-plus col-md-4 aos-fade-up\">\n            <a  href=\"https:\/\/www.cookwithcampbells.ca\/fr\/soup-plus\/potage-aux-oeufs\/\">\n                <span class=\"slideImage\" style=\"background-image: url(https:\/\/www.cookwithcampbells.ca\/fr\/wp-content\/uploads\/sites\/25\/2024\/12\/1265-Egg-Drop-Tile.jpg);\"><\/span>\n            \n                <span class=\"title\">Potage aux \u0153ufs <\/span>\n            <\/a>\n        <\/div><div class=\"thumbnail-container soup-plus col-md-4 aos-fade-up\">\n            <a  href=\"https:\/\/www.cookwithcampbells.ca\/fr\/soup-plus\/soupe-copieuse-au-poulet-et-au-riz\/\">\n                <span class=\"slideImage\" style=\"background-image: url(https:\/\/www.cookwithcampbells.ca\/fr\/wp-content\/uploads\/sites\/25\/2024\/12\/1266-Hearty-Chicken-and-Rice-Tile.jpg);\"><\/span>\n            \n                <span class=\"title\">Soupe copieuse au poulet et au riz <\/span>\n            <\/a>\n        <\/div><div class=\"thumbnail-container soup-plus col-md-4 aos-fade-up\">\n            <a  href=\"https:\/\/www.cookwithcampbells.ca\/fr\/soup-plus\/soupe-a-la-saucisse-et-aux-tortellinis\/\">\n                <span class=\"slideImage\" style=\"background-image: url(https:\/\/www.cookwithcampbells.ca\/fr\/wp-content\/uploads\/sites\/25\/2024\/12\/1267-Sausage-and-Tortellini-Soup-Tile.jpg);\"><\/span>\n            \n                <span class=\"title\">Soupe \u00e0 la saucisse et aux tortellinis <\/span>\n            <\/a>\n        <\/div><div class=\"thumbnail-container soup-plus col-md-4 aos-fade-up\">\n            <a  href=\"https:\/\/www.cookwithcampbells.ca\/fr\/soup-plus\/ramen-au-boeuf\/\">\n                <span class=\"slideImage\" style=\"background-image: url(https:\/\/www.cookwithcampbells.ca\/fr\/wp-content\/uploads\/sites\/25\/2024\/12\/1269-Beef-Ramen-Soup-Tile.jpg);\"><\/span>\n            \n                <span class=\"title\">Ramen au b\u0153uf <\/span>\n            <\/a>\n        <\/div><div class=\"thumbnail-container soup-plus col-md-4 aos-fade-up\">\n            <a  href=\"https:\/\/www.cookwithcampbells.ca\/fr\/soup-plus\/soupe-thailandaise-au-cari-et-aux-crevettes\/\">\n                <span class=\"slideImage\" style=\"background-image: url(https:\/\/www.cookwithcampbells.ca\/fr\/wp-content\/uploads\/sites\/25\/2024\/12\/1270-Thai-Shrimp-Green-Curry-Soup-Tile.jpg);\"><\/span>\n            \n                <span class=\"title\">Soupe tha\u00eflandaise au cari et aux crevettes <\/span>\n            <\/a>\n        <\/div><div class=\"thumbnail-container soup-plus col-md-4 aos-fade-up\">\n            <a  href=\"https:\/\/www.cookwithcampbells.ca\/fr\/soup-plus\/soupe-aux-tomates-a-lorzo-et-aux-boulettes-de-viande\/\">\n                <span class=\"slideImage\" style=\"background-image: url(https:\/\/www.cookwithcampbells.ca\/fr\/wp-content\/uploads\/sites\/25\/2024\/12\/1268-Orzo-and-Meatball-Tomato-Soup-Tile.jpg);\"><\/span>\n            \n                <span class=\"title\">Soupe aux tomates, \u00e0 l\u2019orzo et aux boulettes de viande <\/span>\n            <\/a>\n        <\/div><\/div>\n<\/div>\n<\/div>\n<\/div>\n<\/div>\n","protected":false},"excerpt":{"rendered":"D\u00e9couvrez des id\u00e9es de recettes\u00e0 base de soupe Avec Campbell\u2019s, il vous suffit d\u2019ajouter quelquesingr\u00e9dients \u00e0 nos d\u00e9licieuses soupes pourr\u00e9tablir votre \u00e9quilibre cuisiner-savourer. R\u00e9tablissez votre \u00e9quilibre cuisiner-savourer Avez-vous d\u00e9j\u00e0 remarqu\u00e9 que vous passez plus de temps \u00e0 cuisiner qu\u2019\u00e0 manger? Savoir plus","protected":false},"author":327,"featured_media":0,"parent":0,"menu_order":0,"comment_status":"closed","ping_status":"closed","template":"","meta":[],"acf":[],"_links":{"self":[{"href":"https:\/\/www.cookwithcampbells.ca\/fr\/wp-json\/wp\/v2\/pages\/431076"}],"collection":[{"href":"https:\/\/www.cookwithcampbells.ca\/fr\/wp-json\/wp\/v2\/pages"}],"about":[{"href":"https:\/\/www.cookwithcampbells.ca\/fr\/wp-json\/wp\/v2\/types\/page"}],"author":[{"embeddable":true,"href":"https:\/\/www.cookwithcampbells.ca\/fr\/wp-json\/wp\/v2\/users\/327"}],"replies":[{"embeddable":true,"href":"https:\/\/www.cookwithcampbells.ca\/fr\/wp-json\/wp\/v2\/comments?post=431076"}],"version-history":[{"count":0,"href":"https:\/\/www.cookwithcampbells.ca\/fr\/wp-json\/wp\/v2\/pages\/431076\/revisions"}],"wp:attachment":[{"href":"https:\/\/www.cookwithcampbells.ca\/fr\/wp-json\/wp\/v2\/media?parent=431076"}],"curies":[{"name":"wp","href":"https:\/\/api.w.org\/{rel}","templated":true}]}}